{"id":2,"date":"2024-05-14T15:09:18","date_gmt":"2024-05-14T15:09:18","guid":{"rendered":"https:\/\/heyviespeuk.nl\/?page_id=2"},"modified":"2024-05-22T15:29:14","modified_gmt":"2024-05-22T15:29:14","slug":"sample-page","status":"publish","type":"page","link":"https:\/\/heyviespeuk.nl\/","title":{"rendered":"Hey Viespeuk!"},"content":{"rendered":"\n<p class=\"has-x-large-font-size\"><strong><mark style=\"background-color:rgba(0, 0, 0, 0);color:#d5005f\" class=\"has-inline-color\">Hey Viespeuk!<\/mark><\/strong><\/p>\n\n\n\n<div class=\"wp-block-columns is-layout-flex wp-container-core-columns-is-layout-1 wp-block-columns-is-layout-flex\">\n<div class=\"wp-block-column is-layout-flow wp-block-column-is-layout-flow\" style=\"flex-basis:66.66%\">\n<h2 class=\"wp-block-heading\"><strong>Peuken op straat, dat kan echt niet meer!<\/strong><\/h2>\n\n\n\n<p><strong>Even wegschieten hier, of uittrappen daar. Onze sigarettenfilters dumpen op straat is een sociale gewoonte die we zo snel mogelijk moeten veranderen. Elke peuk extra op straat, is er \u00e9\u00e9n teveel. Het is niet alleen een lelijk aanzicht, maar sigarettenfilters zijn ook m\u00e9ga slecht voor het milieu en onze gezondheid. Hey Viespeuk heeft als doel de enorme hoeveelheid sigarettenfilters op straat tegen te gaan, de sociale ongewenstheid te benadrukken en het gedrag van rokers te veranderen.&nbsp;<\/strong><\/p>\n<\/div>\n\n\n\n<div class=\"wp-block-column is-layout-flow wp-block-column-is-layout-flow\" style=\"flex-basis:33.33%\">\n<figure class=\"wp-block-image size-large\"><img loading=\"lazy\" decoding=\"async\" width=\"1024\" height=\"1024\" src=\"https:\/\/heyviespeuk.nl\/wp-content\/uploads\/2024\/05\/Untitled-1_0001_Schermafbeelding-2022-11-08-om-16.53.37-2-2-1024x1024.png\" loading=\"lazy\" alt=\"\" class=\"wp-image-530\" style=\"aspect-ratio:1;object-fit:cover\" srcset=\"https:\/\/heyviespeuk.nl\/wp-content\/uploads\/2024\/05\/Untitled-1_0001_Schermafbeelding-2022-11-08-om-16.53.37-2-2-1024x1024.png 1024w, https:\/\/heyviespeuk.nl\/wp-content\/uploads\/2024\/05\/Untitled-1_0001_Schermafbeelding-2022-11-08-om-16.53.37-2-2-300x300.png 300w, https:\/\/heyviespeuk.nl\/wp-content\/uploads\/2024\/05\/Untitled-1_0001_Schermafbeelding-2022-11-08-om-16.53.37-2-2-150x150.png 150w, https:\/\/heyviespeuk.nl\/wp-content\/uploads\/2024\/05\/Untitled-1_0001_Schermafbeelding-2022-11-08-om-16.53.37-2-2-768x768.png 768w, https:\/\/heyviespeuk.nl\/wp-content\/uploads\/2024\/05\/Untitled-1_0001_Schermafbeelding-2022-11-08-om-16.53.37-2-2-100x100.png 100w, https:\/\/heyviespeuk.nl\/wp-content\/uploads\/2024\/05\/Untitled-1_0001_Schermafbeelding-2022-11-08-om-16.53.37-2-2-450x450.png 450w, https:\/\/heyviespeuk.nl\/wp-content\/uploads\/2024\/05\/Untitled-1_0001_Schermafbeelding-2022-11-08-om-16.53.37-2-2-120x120.png 120w, https:\/\/heyviespeuk.nl\/wp-content\/uploads\/2024\/05\/Untitled-1_0001_Schermafbeelding-2022-11-08-om-16.53.37-2-2.png 1080w\" sizes=\"(max-width: 1024px) 100vw, 1024px\" \/><\/figure>\n<\/div>\n<\/div>\n\n\n\n<blockquote class=\"wp-block-quote has-medium-font-size is-layout-flow wp-block-quote-is-layout-flow\">\n<p><\/p>\n<cite>Een sigarettenfilter blijft gemiddeld 12-15 jaar op straat zwerven, waarna ze afbreken in microplastics en levenslang in onze natuur blijven bestaan. Ze bevatten giftige stoffen zoals arsenicum, aceton, benzeen, ammoniak en lood.<\/cite><\/blockquote>\n\n\n<div class=\"wp-block-image\">\n<figure class=\"alignleft size-full is-resized\"><img loading=\"lazy\" decoding=\"async\" width=\"512\" height=\"512\" src=\"https:\/\/heyviespeuk.nl\/wp-content\/uploads\/2024\/05\/cropped-website-viespeuk-thumb-1-2.png\" loading=\"lazy\" alt=\"\" class=\"wp-image-432\" style=\"width:340px;height:auto\" srcset=\"https:\/\/heyviespeuk.nl\/wp-content\/uploads\/2024\/05\/cropped-website-viespeuk-thumb-1-2.png 512w, https:\/\/heyviespeuk.nl\/wp-content\/uploads\/2024\/05\/cropped-website-viespeuk-thumb-1-2-300x300.png 300w, https:\/\/heyviespeuk.nl\/wp-content\/uploads\/2024\/05\/cropped-website-viespeuk-thumb-1-2-150x150.png 150w, https:\/\/heyviespeuk.nl\/wp-content\/uploads\/2024\/05\/cropped-website-viespeuk-thumb-1-2-100x100.png 100w, https:\/\/heyviespeuk.nl\/wp-content\/uploads\/2024\/05\/cropped-website-viespeuk-thumb-1-2-450x450.png 450w, https:\/\/heyviespeuk.nl\/wp-content\/uploads\/2024\/05\/cropped-website-viespeuk-thumb-1-2-120x120.png 120w\" sizes=\"(max-width: 512px) 100vw, 512px\" \/><\/figure><\/div>\n\n\n<h2 class=\"wp-block-heading has-large-font-size\">Schade voor het milieu<\/h2>\n\n\n\n<p>Wist jij dat wereldwijd jaarlijks 845.000 ton aan sigarettenfilters op straat of in het riool belandt? Je sigarettenfilter weggooien in een rioolput of op straat is ontzettend schadelijk voor het milieu. Een deel van het rioolwater wordt gefilterd en gebruikt als drinkwatervoorziening in Nederland. Maar alle giftige microdeeltjes uit de peuk zijn moeilijk te filteren en daarmee zijn ze schadelijk voor de mens.<\/p>\n\n\n\n<p><\/p>\n\n\n\n<div class=\"wp-block-columns is-layout-flex wp-container-core-columns-is-layout-2 wp-block-columns-is-layout-flex\">\n<div class=\"wp-block-column is-layout-flow wp-block-column-is-layout-flow\" style=\"flex-basis:66.66%\">\n<h1 class=\"wp-block-heading\">Van de grond naar maag<\/h1>\n\n\n\n<p>Daarnaast komen veel rioolputten uiteindelijk terecht in een sloot of gracht. Zo komen sigaretten terecht in de buiken of leefomgeving van water- en landdieren. Elke sigaret komt dus uiteindelijk in onze ecosystemen en voedselkringloop terecht. Dus wanneer jij je filter op straat gooit, liggen deze stoffen uiteindelijk op jouw bord!<\/p>\n<\/div>\n\n\n\n<div class=\"wp-block-column is-layout-flow wp-block-column-is-layout-flow\" style=\"flex-basis:33.33%\">\n<figure class=\"wp-block-image size-full is-resized\"><img loading=\"lazy\" decoding=\"async\" width=\"1080\" height=\"1080\" src=\"https:\/\/heyviespeuk.nl\/wp-content\/uploads\/2024\/05\/Untitled-1_0000_Schermafbeelding-2022-11-08-om-16.55.41-3.png\" loading=\"lazy\" alt=\"\" class=\"wp-image-536\" style=\"aspect-ratio:1;object-fit:cover;width:540px\" srcset=\"https:\/\/heyviespeuk.nl\/wp-content\/uploads\/2024\/05\/Untitled-1_0000_Schermafbeelding-2022-11-08-om-16.55.41-3.png 1080w, https:\/\/heyviespeuk.nl\/wp-content\/uploads\/2024\/05\/Untitled-1_0000_Schermafbeelding-2022-11-08-om-16.55.41-3-300x300.png 300w, https:\/\/heyviespeuk.nl\/wp-content\/uploads\/2024\/05\/Untitled-1_0000_Schermafbeelding-2022-11-08-om-16.55.41-3-1024x1024.png 1024w, https:\/\/heyviespeuk.nl\/wp-content\/uploads\/2024\/05\/Untitled-1_0000_Schermafbeelding-2022-11-08-om-16.55.41-3-150x150.png 150w, https:\/\/heyviespeuk.nl\/wp-content\/uploads\/2024\/05\/Untitled-1_0000_Schermafbeelding-2022-11-08-om-16.55.41-3-768x768.png 768w, https:\/\/heyviespeuk.nl\/wp-content\/uploads\/2024\/05\/Untitled-1_0000_Schermafbeelding-2022-11-08-om-16.55.41-3-100x100.png 100w, https:\/\/heyviespeuk.nl\/wp-content\/uploads\/2024\/05\/Untitled-1_0000_Schermafbeelding-2022-11-08-om-16.55.41-3-450x450.png 450w, https:\/\/heyviespeuk.nl\/wp-content\/uploads\/2024\/05\/Untitled-1_0000_Schermafbeelding-2022-11-08-om-16.55.41-3-120x120.png 120w\" sizes=\"(max-width: 1080px) 100vw, 1080px\" \/><\/figure>\n<\/div>\n<\/div>\n\n\n\n<p>Uit onderzoek blijkt dat vijfenzeventig procent van alle rokers zijn of haar peuk nog op straat gooit. Dit aantal moet drastisch naar beneden. Dus wat zeg jij de volgende keer als iemand zijn peuk op straat gooit?&nbsp;<\/p>\n\n\n\n<p class=\"has-medium-font-size\"><strong>Hey Viespeuk! Peuken op straat, dat kan echt niet meer!<\/strong><\/p>\n\n\n\n<p>Wil jij meer weten over de impact van sigaretten filters op straat?&nbsp;<br>Of wil je weten waar je het beste jouw peuk weg kan gooien?<\/p>\n\n\n\n<div class=\"wp-block-buttons has-custom-font-size has-medium-font-size is-content-justification-left is-layout-flex wp-container-core-buttons-is-layout-1 wp-block-buttons-is-layout-flex\">\n<div class=\"wp-block-button\"><a class=\"wp-block-button__link has-background wp-element-button\" href=\"https:\/\/heyviespeuk.nl\/?page_id=442\" style=\"background-color:#d5005f\">Handig om te weten<\/a><\/div>\n<\/div>\n","protected":false},"excerpt":{"rendered":"<p>Hey Viespeuk! Peuken op straat, dat kan echt niet meer! Even wegschieten hier, of uittrappen daar. Onze sigarettenfilters dumpen op straat is een sociale gewoonte&#8230;<\/p>\n","protected":false},"author":1,"featured_media":0,"parent":0,"menu_order":0,"comment_status":"closed","ping_status":"open","template":"","meta":{"_acf_changed":false,"footnotes":""},"acf":[],"_links":{"self":[{"href":"https:\/\/heyviespeuk.nl\/index.php?rest_route=\/wp\/v2\/pages\/2"}],"collection":[{"href":"https:\/\/heyviespeuk.nl\/index.php?rest_route=\/wp\/v2\/pages"}],"about":[{"href":"https:\/\/heyviespeuk.nl\/index.php?rest_route=\/wp\/v2\/types\/page"}],"author":[{"embeddable":true,"href":"https:\/\/heyviespeuk.nl\/index.php?rest_route=\/wp\/v2\/users\/1"}],"replies":[{"embeddable":true,"href":"https:\/\/heyviespeuk.nl\/index.php?rest_route=%2Fwp%2Fv2%2Fcomments&post=2"}],"version-history":[{"count":28,"href":"https:\/\/heyviespeuk.nl\/index.php?rest_route=\/wp\/v2\/pages\/2\/revisions"}],"predecessor-version":[{"id":540,"href":"https:\/\/heyviespeuk.nl\/index.php?rest_route=\/wp\/v2\/pages\/2\/revisions\/540"}],"wp:attachment":[{"href":"https:\/\/heyviespeuk.nl\/index.php?rest_route=%2Fwp%2Fv2%2Fmedia&parent=2"}],"curies":[{"name":"wp","href":"https:\/\/api.w.org\/{rel}","templated":true}]}}